{"id":100,"date":"2023-07-24T07:16:47","date_gmt":"2023-07-24T05:16:47","guid":{"rendered":"https:\/\/www.pverslas.lt\/?page_id=100"},"modified":"2023-07-24T09:15:05","modified_gmt":"2023-07-24T07:15:05","slug":"luokes-g-76-telsiai-isplanavimas","status":"publish","type":"page","link":"https:\/\/www.pverslas.lt\/?page_id=100","title":{"rendered":"Luok\u0117s g. 76, Tel\u0161iai. I\u0161planavimas"},"content":{"rendered":"<p>I\u0161nuomojama <span style=\"color: #ff0000;\"><strong>RAUDONAI<\/strong> <\/span>pa\u017eym\u0117ta pastato dalis<\/p>\n<p><img loading=\"lazy\" decoding=\"async\" class=\"alignnone wp-image-114 size-full\" style=\"font-size: 1rem;\" src=\"https:\/\/www.pverslas.lt\/wp-content\/uploads\/2023\/07\/I-aukstas-Raudonai-pazymetos-patalpos.jpg\" alt=\"\" width=\"690\" height=\"861\" srcset=\"https:\/\/www.pverslas.lt\/wp-content\/uploads\/2023\/07\/I-aukstas-Raudonai-pazymetos-patalpos.jpg 690w, https:\/\/www.pverslas.lt\/wp-content\/uploads\/2023\/07\/I-aukstas-Raudonai-pazymetos-patalpos-240x300.jpg 240w\" sizes=\"auto, (max-width: 690px) 100vw, 690px\" \/><\/p>\n<p><img loading=\"lazy\" decoding=\"async\" class=\"alignnone wp-image-113 size-full\" src=\"https:\/\/www.pverslas.lt\/wp-content\/uploads\/2023\/07\/GENPLANAS-scaled.jpg\" alt=\"\" width=\"2560\" height=\"1813\" srcset=\"https:\/\/www.pverslas.lt\/wp-content\/uploads\/2023\/07\/GENPLANAS-scaled.jpg 2560w, https:\/\/www.pverslas.lt\/wp-content\/uploads\/2023\/07\/GENPLANAS-300x213.jpg 300w, https:\/\/www.pverslas.lt\/wp-content\/uploads\/2023\/07\/GENPLANAS-1024x725.jpg 1024w, https:\/\/www.pverslas.lt\/wp-content\/uploads\/2023\/07\/GENPLANAS-768x544.jpg 768w, https:\/\/www.pverslas.lt\/wp-content\/uploads\/2023\/07\/GENPLANAS-1536x1088.jpg 1536w, https:\/\/www.pverslas.lt\/wp-content\/uploads\/2023\/07\/GENPLANAS-2048x1451.jpg 2048w\" sizes=\"auto, (max-width: 2560px) 100vw, 2560px\" \/><\/p>\n","protected":false},"excerpt":{"rendered":"<p>I\u0161nuomojama RAUDONAI pa\u017eym\u0117ta pastato dalis<\/p>\n","protected":false},"author":1,"featured_media":0,"parent":0,"menu_order":0,"comment_status":"closed","ping_status":"closed","template":"","meta":{"footnotes":""},"class_list":["post-100","page","type-page","status-publish","hentry"],"_links":{"self":[{"href":"https:\/\/www.pverslas.lt\/index.php?rest_route=\/wp\/v2\/pages\/100","targetHints":{"allow":["GET"]}}],"collection":[{"href":"https:\/\/www.pverslas.lt\/index.php?rest_route=\/wp\/v2\/pages"}],"about":[{"href":"https:\/\/www.pverslas.lt\/index.php?rest_route=\/wp\/v2\/types\/page"}],"author":[{"embeddable":true,"href":"https:\/\/www.pverslas.lt\/index.php?rest_route=\/wp\/v2\/users\/1"}],"replies":[{"embeddable":true,"href":"https:\/\/www.pverslas.lt\/index.php?rest_route=%2Fwp%2Fv2%2Fcomments&post=100"}],"version-history":[{"count":4,"href":"https:\/\/www.pverslas.lt\/index.php?rest_route=\/wp\/v2\/pages\/100\/revisions"}],"predecessor-version":[{"id":136,"href":"https:\/\/www.pverslas.lt\/index.php?rest_route=\/wp\/v2\/pages\/100\/revisions\/136"}],"wp:attachment":[{"href":"https:\/\/www.pverslas.lt\/index.php?rest_route=%2Fwp%2Fv2%2Fmedia&parent=100"}],"curies":[{"name":"wp","href":"https:\/\/api.w.org\/{rel}","templated":true}]}}