{"id":2,"date":"2023-07-20T12:16:20","date_gmt":"2023-07-20T12:16:20","guid":{"rendered":"https:\/\/www.pverslas.lt\/?page_id=2"},"modified":"2024-04-22T09:03:36","modified_gmt":"2024-04-22T07:03:36","slug":"sample-page","status":"publish","type":"page","link":"https:\/\/www.pverslas.lt\/","title":{"rendered":"Nekilnojamojo turto nuoma"},"content":{"rendered":"<p><strong>Administracin\u0117s-komercin\u0117s paskirties patalpos<\/strong><\/p>\n<ul>\n<li><a href=\"https:\/\/www.pverslas.lt\/?page_id=97\">Luok\u0117s g. 76, Tel\u0161iai<\/a><\/li>\n<li><a href=\"https:\/\/www.pverslas.lt\/?page_id=141\">Tel\u0161i\u0173 g. 4C, Rainiai, Tel\u0161i\u0173 r.<\/a><\/li>\n<li><a href=\"https:\/\/www.pverslas.lt\/?page_id=197\">K\u0119stu\u010dio g. 1A, Tel\u0161iai<\/a><\/li>\n<\/ul>\n<div id=\"wpgmza_map\" class=\"wpgmza_map\" data-settings='{\"id\":\"1\",\"map_title\":\"Nuomojam\\u0173 pastat\\u0173 vieta\",\"map_width\":\"100\",\"map_height\":\"400\",\"map_start_lat\":\"55.97506683336809\",\"map_start_lng\":\"22.270616902170193\",\"map_start_location\":\"45.950464398418106,-109.81550500000003\",\"map_start_zoom\":\"13\",\"default_marker\":\"\",\"type\":\"4\",\"alignment\":\"4\",\"directions_enabled\":\"0\",\"styling_enabled\":\"0\",\"styling_json\":\"\",\"active\":\"0\",\"kml\":\"\",\"bicycle\":\"0\",\"traffic\":\"0\",\"dbox\":\"0\",\"dbox_width\":\"\",\"listmarkers\":\"0\",\"listmarkers_advanced\":\"0\",\"filterbycat\":\"0\",\"ugm_enabled\":\"0\",\"ugm_category_enabled\":\"0\",\"fusion\":\"\",\"map_width_type\":\"%\",\"map_height_type\":\"px\",\"mass_marker_support\":\"0\",\"ugm_access\":\"0\",\"order_markers_by\":\"0\",\"order_markers_choice\":\"0\",\"show_user_location\":\"0\",\"default_to\":\"\",\"other_settings\":{\"map_type\":1,\"sl_stroke_color\":\"\",\"sl_fill_color\":\"\",\"sl_stroke_opacity\":\"\",\"sl_fill_opacity\":\"\",\"transport_layer\":false,\"action\":\"wpgmza_save_map\",\"redirect_to\":\"\\\/wp-admin\\\/admin-post.php\",\"map_id\":\"1\",\"wpgmza_savemap\":\"I\\u0161saugoti \\u017eem\\u0117lap\\u012f \\u00bb\",\"http_referer\":\"\\\/wp-admin\\\/admin.php?page=wp-google-maps-menu&amp;amp;action=edit&amp;amp;map_id=1\",\"wpgmza_id\":\"1\",\"wpgmza_start_location\":\"55.97506683336809,22.270616902170193\",\"wpgmza_start_zoom\":\"13\",\"wpgmza_map_align\":\"2\",\"store_locator_enabled\":false,\"store_locator_distance\":false,\"store_locator_search_area\":\"radial\",\"wpgmza_store_locator_default_radius\":\"10\",\"store_locator_auto_area_max_zoom\":\"\",\"wpgmza_store_locator_radius_style\":\"legacy\",\"store_locator_component_anchor\":\"0\",\"wpgmza_store_locator_bounce\":false,\"wpgmza_sl_animation\":null,\"store_locator_query_string\":\"\",\"store_locator_location_placeholder\":\"\",\"store_locator_default_address\":\"\",\"store_locator_name_search\":false,\"store_locator_name_string\":\"\",\"store_locator_not_found_message\":\"\",\"store_locator_show_distance\":false,\"store_locator_category\":false,\"wpgmza_store_locator_use_their_location\":false,\"wpgmza_store_locator_hide_before_search\":false,\"store_locator_nearby_searches\":false,\"wpgmza_theme_data\":\"\",\"custom_tile_enabled\":false,\"custom_tile_image\":\"\",\"custom_tile_image_width\":\"\",\"custom_tile_image_height\":\"\",\"custom_tile_image_attribution\":\"\",\"iw_primary_color\":\"#000000\",\"iw_accent_color\":\"#000000\",\"iw_text_color\":\"#000000\",\"close_infowindow_on_map_click\":false,\"marker_share_links\":false,\"wpgmza_listmarkers_by\":\"0\",\"marker_listing_component_anchor\":null,\"marker_listing_component_auto_open\":false,\"dataTable_pagination_style\":null,\"category_filter_component_anchor\":null,\"zoom_level_on_marker_listing_override\":false,\"zoom_level_on_marker_listing_click\":\"\",\"marker_listing_disable_zoom\":false,\"datatable_no_result_message\":\"\",\"remove_search_box_datables\":false,\"datatable_search_string\":\"\",\"datatable_result_start\":\"\",\"datatable_result_of\":\"\",\"datatable_result_to\":\"\",\"datatable_result_total\":\"\",\"datatable_result_show\":\"\",\"datatable_result_entries\":\"\",\"category_legends_enabled\":false,\"category_legends_component_anchor\":null,\"jump_to_nearest_marker_on_initialization\":false,\"click_open_link\":false,\"wpgmza_zoom_on_marker_click\":false,\"wpgmza_zoom_on_marker_click_slider\":\"\",\"polygon_labels\":false,\"disable_polygon_info_windows\":false,\"fit_maps_bounds_to_markers\":false,\"fit_maps_bounds_to_markers_after_filtering\":false,\"automatically_pan_to_users_location\":false,\"override_users_location_zoom_level\":false,\"override_users_location_zoom_levels\":\"\",\"show_distance_from_location\":false,\"map_starts_in_streetview\":false,\"map_starts_in_streetview_location\":\"\",\"map_starts_in_streetview_heading\":\"\",\"map_starts_in_streetview_pitch\":\"\",\"map_max_zoom\":\"21\",\"map_min_zoom\":\"0\",\"hide_point_of_interest\":false,\"disable_lightbox_images\":false,\"use_Raw_Jpeg_Coordinates\":false,\"enable_marker_ratings\":false,\"only_load_markers_within_viewport\":false,\"wpgmza_ol_tile_filter\":\"none\",\"wpgmza_store_locator_position\":false,\"wpgmza_marker_listing_position\":false}}' data-map-id='1' Data-maps-engine='open-layers' data-shortcode-attributes='{\"id\":\"1\"}' style=\"display:block; overflow:auto; width:100%; height:400px; margin-left:auto !important; margin-right:auto; !important; align:center;\"><\/div>\n","protected":false},"excerpt":{"rendered":"<p>Administracin\u0117s-komercin\u0117s paskirties patalpos Luok\u0117s g. 76, Tel\u0161iai Tel\u0161i\u0173 g. 4C, Rainiai, Tel\u0161i\u0173 r. K\u0119stu\u010dio g. 1A, Tel\u0161iai<\/p>\n","protected":false},"author":1,"featured_media":0,"parent":0,"menu_order":0,"comment_status":"closed","ping_status":"open","template":"","meta":{"footnotes":""},"class_list":["post-2","page","type-page","status-publish","hentry"],"_links":{"self":[{"href":"https:\/\/www.pverslas.lt\/index.php?rest_route=\/wp\/v2\/pages\/2","targetHints":{"allow":["GET"]}}],"collection":[{"href":"https:\/\/www.pverslas.lt\/index.php?rest_route=\/wp\/v2\/pages"}],"about":[{"href":"https:\/\/www.pverslas.lt\/index.php?rest_route=\/wp\/v2\/types\/page"}],"author":[{"embeddable":true,"href":"https:\/\/www.pverslas.lt\/index.php?rest_route=\/wp\/v2\/users\/1"}],"replies":[{"embeddable":true,"href":"https:\/\/www.pverslas.lt\/index.php?rest_route=%2Fwp%2Fv2%2Fcomments&post=2"}],"version-history":[{"count":16,"href":"https:\/\/www.pverslas.lt\/index.php?rest_route=\/wp\/v2\/pages\/2\/revisions"}],"predecessor-version":[{"id":222,"href":"https:\/\/www.pverslas.lt\/index.php?rest_route=\/wp\/v2\/pages\/2\/revisions\/222"}],"wp:attachment":[{"href":"https:\/\/www.pverslas.lt\/index.php?rest_route=%2Fwp%2Fv2%2Fmedia&parent=2"}],"curies":[{"name":"wp","href":"https:\/\/api.w.org\/{rel}","templated":true}]}}